{"id":282,"date":"2022-09-05T16:18:43","date_gmt":"2022-09-05T16:18:43","guid":{"rendered":"https:\/\/tbet-play.com\/282-2\/"},"modified":"2022-10-10T13:24:51","modified_gmt":"2022-10-10T13:24:51","slug":"282-2","status":"publish","type":"page","link":"https:\/\/tbet-play.com\/fi\/282-2\/","title":{"rendered":"Ev\u00e4stek\u00e4yt\u00e4nt\u00f6"},"content":{"rendered":"\n<p>T\u00e4m\u00e4 ev\u00e4stek\u00e4yt\u00e4nt\u00f6 (&#8221;K\u00e4yt\u00e4nt\u00f6&#8221;) kuvaa, mit\u00e4 ev\u00e4steet ovat, miten ja niit\u00e4 k\u00e4ytet\u00e4\u00e4n tbet- <a href=\"https:\/\/tbet-play.com\/fi\/\">play.com-<\/a> sivustolla (&#8221;Verkkosivusto&#8221; tai &#8221;Palvelu&#8221;) ja kaikilla siihen liittyvill\u00e4 tuotteilla ja palveluilla (yhteisesti &#8221;Palvelut&#8221;). \u201d). T\u00e4m\u00e4 k\u00e4yt\u00e4nt\u00f6 on laillisesti sitova sopimus sinun (&#8221;K\u00e4ytt\u00e4j\u00e4&#8221;, &#8221;sin\u00e4&#8221; tai &#8221;sinun&#8221;) ja t\u00e4m\u00e4n verkkosivuston yll\u00e4pit\u00e4j\u00e4n (&#8221;Operaattori&#8221;, &#8221;me&#8221;, &#8221;me&#8221; tai &#8221;meid\u00e4n&#8221;) v\u00e4lill\u00e4. Jos teet t\u00e4m\u00e4n sopimuksen yrityksen tai muun oikeushenkil\u00f6n puolesta, vakuutat, ett\u00e4 sinulla on valtuudet sitoa kyseinen yhteis\u00f6 t\u00e4h\u00e4n sopimukseen, jolloin termit &#8221;K\u00e4ytt\u00e4j\u00e4&#8221;, &#8221;sin\u00e4&#8221; tai &#8221;sinun&#8221; viittaavat sellaiselle taholle. Jos sinulla ei ole t\u00e4llaisia valtuuksia tai jos et hyv\u00e4ksy t\u00e4m\u00e4n sopimuksen ehtoja, et saa hyv\u00e4ksy\u00e4 t\u00e4t\u00e4 sopimusta etk\u00e4 saa k\u00e4ytt\u00e4\u00e4 ja k\u00e4ytt\u00e4\u00e4 verkkosivustoa ja palveluita. Sinun tulee lukea t\u00e4m\u00e4 k\u00e4yt\u00e4nt\u00f6, jotta ymm\u00e4rr\u00e4t k\u00e4ytt\u00e4miemme ev\u00e4steiden tyypit, ev\u00e4steiden avulla ker\u00e4\u00e4m\u00e4mme tiedot ja kuinka n\u00e4it\u00e4 tietoja k\u00e4ytet\u00e4\u00e4n. Siin\u00e4 kuvataan my\u00f6s k\u00e4ytett\u00e4viss\u00e4si olevat vaihtoehdot ev\u00e4steiden k\u00e4yt\u00f6n hyv\u00e4ksymisen tai kielt\u00e4misen suhteen. Lis\u00e4tietoja siit\u00e4, kuinka k\u00e4yt\u00e4mme, s\u00e4ilyt\u00e4mme ja suojaamme henkil\u00f6tietojasi, on <a href=\"https:\/\/tbet-play.com\/privacy\/\">tietosuojak\u00e4yt\u00e4nn\u00f6ss\u00e4mme<\/a> .<\/p>\n<div class=\"wpembed-index\"><h2>Sis\u00e4llysluettelo<\/h2><ol class=\"wpembed-index\"><li><a href=\"#what-are-cookies\">Mit\u00e4 ev\u00e4steet ovat?<\/a><\/li><li><a href=\"#what-type-of-cookies-do-we-use\">Millaisia ev\u00e4steit\u00e4 k\u00e4yt\u00e4mme?<\/a><\/li><li><a href=\"#what-are-your-cookie-options\">Mitk\u00e4 ovat ev\u00e4stevaihtoehtosi?<\/a><\/li><li><a href=\"#changes-and-amendments\">Muutokset ja lis\u00e4ykset<\/a><\/li><li><a href=\"#acceptance-of-this-policy\">T\u00e4m\u00e4n k\u00e4yt\u00e4nn\u00f6n hyv\u00e4ksyminen<\/a><\/li><li><a href=\"#contacting-us\">Ota meihin yhteytt\u00e4<\/a><\/li><\/ol><\/div><h2 id=\"what-are-cookies\">Mit\u00e4 ev\u00e4steet ovat?<\/h2>\n<p>Ev\u00e4steet ovat pieni\u00e4 tekstitiedostoihin tallennettuja tietopaloja, jotka tallennetaan tietokoneellesi tai muihin laitteisiin, kun verkkosivustoja ladataan selaimeen. Niit\u00e4 k\u00e4ytet\u00e4\u00e4n laajalti muistamaan sinut ja mieltymyksesi joko yhdell\u00e4 k\u00e4ynnill\u00e4 (&#8221;istuntoev\u00e4steen&#8221; kautta) tai useilla toistuvilla k\u00e4ynneill\u00e4 (&#8221;pysyv\u00e4n ev\u00e4steen&#8221; avulla).<\/p>\n<p>Istuntoev\u00e4steet ovat v\u00e4liaikaisia ev\u00e4steit\u00e4, joita k\u00e4ytet\u00e4\u00e4n verkkosivustolla vierailusi aikana, ja ne vanhenevat, kun suljet verkkoselaimen.<\/p>\n<p>Pysyvi\u00e4 ev\u00e4steit\u00e4 k\u00e4ytet\u00e4\u00e4n muistamaan asetuksesi verkkosivustollamme ja ne pysyv\u00e4t ty\u00f6p\u00f6yd\u00e4ll\u00e4si tai mobiililaitteellasi, vaikka suljet selaimesi tai k\u00e4ynnist\u00e4t tietokoneesi uudelleen. Ne takaavat sinulle yhten\u00e4isen ja tehokkaan kokemuksen vieraillessasi Verkkosivustolla ja Palveluissa.<\/p>\n<p>Verkkosivusto voi asettaa ev\u00e4steit\u00e4 (&#8221;ensimm\u00e4isen osapuolen ev\u00e4steet&#8221;) tai kolmannet osapuolet, kuten ne, jotka tarjoavat sis\u00e4lt\u00f6\u00e4 tai tarjoavat mainonta- tai analytiikkapalveluita verkkosivustolla (&#8221;kolmannen osapuolen ev\u00e4steet&#8221;). N\u00e4m\u00e4 kolmannet osapuolet voivat tunnistaa sinut, kun vierailet verkkosivustollamme ja my\u00f6s kun vierailet tietyill\u00e4 muilla verkkosivustoilla.<\/p>\n<h2 id=\"what-type-of-cookies-do-we-use\">Millaisia ev\u00e4steit\u00e4 k\u00e4yt\u00e4mme?<\/h2>\n<h3>Tarpeelliset ev\u00e4steet<\/h3>\n<p>V\u00e4ltt\u00e4m\u00e4tt\u00f6mien ev\u00e4steiden avulla voimme tarjota sinulle parhaan mahdollisen kokemuksen, kun k\u00e4yt\u00e4t verkkosivustoamme ja selaat sivustoamme sek\u00e4 k\u00e4yt\u00e4t sen ominaisuuksia. N\u00e4iden ev\u00e4steiden avulla voimme esimerkiksi tunnistaa, ett\u00e4 olet luonut tilin ja kirjautunut sis\u00e4\u00e4n p\u00e4\u00e4st\u00e4ksesi sis\u00e4lt\u00f6\u00f6n.<\/p>\n<h3>Toiminnalliset ev\u00e4steet<\/h3>\n<p>Toiminnallisuusev\u00e4steiden avulla voimme k\u00e4ytt\u00e4\u00e4 verkkosivustoa ja palveluita tekemiesi valintojen mukaisesti. Tunnistamme esimerkiksi k\u00e4ytt\u00e4j\u00e4tunnuksesi ja muistamme, kuinka mukautit verkkosivustoa ja palveluita tulevien vierailujen aikana.<\/p>\n<h2 id=\"what-are-your-cookie-options\">Mitk\u00e4 ovat ev\u00e4stevaihtoehtosi?<\/h2>\n<p>Jos et pid\u00e4 ev\u00e4steiden ajatuksesta tai tietyntyyppisist\u00e4 ev\u00e4steist\u00e4, voit muuttaa selaimesi asetuksia niin, ett\u00e4 jo asetetut ev\u00e4steet poistetaan ja uusia ev\u00e4steit\u00e4 ei hyv\u00e4ksyt\u00e4. \n<\/p><h2 id=\"changes-and-amendments\">Muutokset ja lis\u00e4ykset<\/h2>\n<p>Varaamme oikeuden muuttaa t\u00e4t\u00e4 k\u00e4yt\u00e4nt\u00f6\u00e4 tai sen verkkosivustoon ja palveluihin liittyvi\u00e4 ehtoja milloin tahansa harkintamme mukaan. Kun teemme niin, tarkistamme p\u00e4ivitetyn p\u00e4iv\u00e4m\u00e4\u00e4r\u00e4n t\u00e4m\u00e4n sivun alalaidassa ja l\u00e4het\u00e4mme sinulle ilmoituksen s\u00e4hk\u00f6postitse. Voimme my\u00f6s ilmoittaa sinulle harkintamme mukaan muilla tavoilla, kuten antamiesi yhteystietojen kautta.<\/p>\n<p>P\u00e4ivitetty versio t\u00e4st\u00e4 k\u00e4yt\u00e4nn\u00f6st\u00e4 tulee voimaan v\u00e4litt\u00f6m\u00e4sti tarkistetun k\u00e4yt\u00e4nn\u00f6n julkaisemisen j\u00e4lkeen, ellei toisin mainita. Verkkosivuston ja palvelujen k\u00e4yt\u00f6n jatkaminen tarkistetun k\u00e4yt\u00e4nn\u00f6n (tai muun tuolloin m\u00e4\u00e4ritellyn toimenpiteen) voimaantulop\u00e4iv\u00e4n j\u00e4lkeen merkitsee suostumuksesi n\u00e4ihin muutoksiin.<\/p>\n<h2 id=\"acceptance-of-this-policy\">T\u00e4m\u00e4n k\u00e4yt\u00e4nn\u00f6n hyv\u00e4ksyminen<\/h2>\n<p>Hyv\u00e4ksyt, ett\u00e4 olet lukenut t\u00e4m\u00e4n k\u00e4yt\u00e4nn\u00f6n ja hyv\u00e4ksyt kaikki sen ehdot. Avaamalla ja k\u00e4ytt\u00e4m\u00e4ll\u00e4 verkkosivustoa ja palveluita sitoudut noudattamaan t\u00e4t\u00e4 k\u00e4yt\u00e4nt\u00f6\u00e4. Jos et suostu noudattamaan t\u00e4m\u00e4n k\u00e4yt\u00e4nn\u00f6n ehtoja, sinulla ei ole oikeutta k\u00e4ytt\u00e4\u00e4 tai k\u00e4ytt\u00e4\u00e4 verkkosivustoa ja palveluita. \n<\/p><h2 id=\"contacting-us\">Ota meihin yhteytt\u00e4<\/h2>\n<p>Jos sinulla on kysymyksi\u00e4, huolenaiheita tai valituksia koskien t\u00e4t\u00e4 k\u00e4yt\u00e4nt\u00f6\u00e4 tai ev\u00e4steiden k\u00e4ytt\u00f6\u00e4, kehotamme sinua ottamaan meihin yhteytt\u00e4 k\u00e4ytt\u00e4m\u00e4ll\u00e4 alla olevia tietoja:<\/p>\n<p><a href=\"mailto:webmaster@tbet-play.com\">webmaster@tbet-play.com<\/a><\/p>\n<p>T\u00e4m\u00e4 asiakirja on viimeksi p\u00e4ivitetty 5.9.2022<\/p>\n","protected":false},"excerpt":{"rendered":"<p>T\u00e4m\u00e4 ev\u00e4stek\u00e4yt\u00e4nt\u00f6 (&#8221;K\u00e4yt\u00e4nt\u00f6&#8221;) kuvaa, mit\u00e4 ev\u00e4steet ovat, miten ja niit\u00e4 k\u00e4ytet\u00e4\u00e4n tbet- play.com- sivustolla (&#8221;Verkkosivusto&#8221; tai &#8221;Palvelu&#8221;) ja kaikilla siihen liittyvill\u00e4 tuotteilla ja palveluilla (yhteisesti &#8221;Palvelut&#8221;). \u201d). T\u00e4m\u00e4 k\u00e4yt\u00e4nt\u00f6 on laillisesti sitova sopimus sinun (&#8221;K\u00e4ytt\u00e4j\u00e4&#8221;, &#8221;sin\u00e4&#8221; tai &#8221;sinun&#8221;) ja t\u00e4m\u00e4n verkkosivuston yll\u00e4pit\u00e4j\u00e4n (&#8221;Operaattori&#8221;, &#8221;me&#8221;, &#8221;me&#8221; tai &#8221;meid\u00e4n&#8221;) v\u00e4lill\u00e4. Jos teet t\u00e4m\u00e4n sopimuksen yrityksen tai muun [&hellip;]<\/p>\n","protected":false},"author":1,"featured_media":0,"parent":0,"menu_order":0,"comment_status":"closed","ping_status":"closed","template":"","meta":[],"_links":{"self":[{"href":"https:\/\/tbet-play.com\/fi\/wp-json\/wp\/v2\/pages\/282"}],"collection":[{"href":"https:\/\/tbet-play.com\/fi\/wp-json\/wp\/v2\/pages"}],"about":[{"href":"https:\/\/tbet-play.com\/fi\/wp-json\/wp\/v2\/types\/page"}],"author":[{"embeddable":true,"href":"https:\/\/tbet-play.com\/fi\/wp-json\/wp\/v2\/users\/1"}],"replies":[{"embeddable":true,"href":"https:\/\/tbet-play.com\/fi\/wp-json\/wp\/v2\/comments?post=282"}],"version-history":[{"count":4,"href":"https:\/\/tbet-play.com\/fi\/wp-json\/wp\/v2\/pages\/282\/revisions"}],"predecessor-version":[{"id":304,"href":"https:\/\/tbet-play.com\/fi\/wp-json\/wp\/v2\/pages\/282\/revisions\/304"}],"wp:attachment":[{"href":"https:\/\/tbet-play.com\/fi\/wp-json\/wp\/v2\/media?parent=282"}],"curies":[{"name":"wp","href":"https:\/\/api.w.org\/{rel}","templated":true}]}}