{"id":291,"date":"2022-09-05T16:18:43","date_gmt":"2022-09-05T16:18:43","guid":{"rendered":"https:\/\/tbet-play.com\/291-2\/"},"modified":"2022-10-10T13:24:22","modified_gmt":"2022-10-10T13:24:22","slug":"291-2","status":"publish","type":"page","link":"https:\/\/tbet-play.com\/de\/291-2\/","title":{"rendered":"Cookie-Richtlinie"},"content":{"rendered":"\n<p>Diese Cookie-Richtlinie (\u201eRichtlinie\u201c) beschreibt, was Cookies sind und wie sie von der <a href=\"https:\/\/tbet-play.com\/de\/\">tbet-play.com-<\/a> Website (\u201eWebsite\u201c oder \u201eDienst\u201c) und allen damit verbundenen Produkten und Diensten (zusammen \u201eDienste\u201c) verwendet werden \u201c). Diese Richtlinie ist eine rechtsverbindliche Vereinbarung zwischen Ihnen (\u201eBenutzer\u201c, \u201eSie\u201c oder \u201eIhr\u201c) und diesem Website-Betreiber (\u201eBetreiber\u201c, \u201ewir\u201c, \u201euns\u201c oder \u201eunser\u201c). Wenn Sie diese Vereinbarung im Namen eines Unternehmens oder einer anderen juristischen Person eingehen, erkl\u00e4ren Sie, dass Sie befugt sind, diese juristische Person an diese Vereinbarung zu binden, wobei sich in diesem Fall die Begriffe \u201eBenutzer\u201c, \u201eSie\u201c oder \u201eIhr\u201c beziehen zu einer solchen Einheit. Wenn Sie nicht \u00fcber eine solche Befugnis verf\u00fcgen oder mit den Bedingungen dieser Vereinbarung nicht einverstanden sind, d\u00fcrfen Sie diese Vereinbarung nicht akzeptieren und d\u00fcrfen nicht auf die Website und die Dienste zugreifen und diese nutzen. Sie sollten diese Richtlinie lesen, damit Sie verstehen, welche Arten von Cookies wir verwenden, welche Informationen wir mithilfe von Cookies sammeln und wie diese Informationen verwendet werden. Es beschreibt auch die Ihnen zur Verf\u00fcgung stehenden M\u00f6glichkeiten, die Verwendung von Cookies zu akzeptieren oder abzulehnen. Weitere Informationen dar\u00fcber, wie wir Ihre personenbezogenen Daten verwenden, speichern und sicher aufbewahren, finden Sie in unserer <a href=\"https:\/\/tbet-play.com\/privacy\/\">Datenschutzerkl\u00e4rung<\/a> .<\/p>\n<div class=\"wpembed-index\"><h2>Inhaltsverzeichnis<\/h2><ol class=\"wpembed-index\"><li><a href=\"#what-are-cookies\">Was sind Cookies?<\/a><\/li><li><a href=\"#what-type-of-cookies-do-we-use\">Welche Art von Cookies verwenden wir?<\/a><\/li><li><a href=\"#what-are-your-cookie-options\">Was sind Ihre Cookie-Optionen?<\/a><\/li><li><a href=\"#changes-and-amendments\">\u00c4nderungen und Erg\u00e4nzungen<\/a><\/li><li><a href=\"#acceptance-of-this-policy\">Annahme dieser Richtlinie<\/a><\/li><li><a href=\"#contacting-us\">Uns kontaktieren<\/a><\/li><\/ol><\/div><h2 id=\"what-are-cookies\">Was sind Cookies?<\/h2>\n<p>Cookies sind kleine Datenst\u00fccke, die in Textdateien gespeichert werden, die auf Ihrem Computer oder anderen Ger\u00e4ten gespeichert werden, wenn Websites in einem Browser geladen werden. Sie werden h\u00e4ufig verwendet, um sich an Sie und Ihre Pr\u00e4ferenzen zu erinnern, entweder f\u00fcr einen einzelnen Besuch (\u00fcber ein \u201eSession-Cookie\u201c) oder f\u00fcr mehrere wiederholte Besuche (unter Verwendung eines \u201edauerhaften Cookies\u201c).<\/p>\n<p>Sitzungscookies sind tempor\u00e4re Cookies, die w\u00e4hrend Ihres Besuchs auf der Website verwendet werden und verfallen, wenn Sie den Webbrowser schlie\u00dfen.<\/p>\n<p>Permanente Cookies werden verwendet, um Ihre Pr\u00e4ferenzen innerhalb unserer Website zu speichern und bleiben auf Ihrem Desktop oder Mobilger\u00e4t, auch nachdem Sie Ihren Browser geschlossen oder Ihren Computer neu gestartet haben. Sie gew\u00e4hrleisten Ihnen ein konsistentes und effizientes Erlebnis beim Besuch der Website und der Dienste.<\/p>\n<p>Cookies k\u00f6nnen von der Website (\u201eErstanbieter-Cookies\u201c) oder von Dritten gesetzt werden, z. B. von solchen, die Inhalte bereitstellen oder Werbe- oder Analysedienste auf der Website bereitstellen (\u201eDrittanbieter-Cookies\u201c). Diese Drittanbieter k\u00f6nnen Sie erkennen, wenn Sie unsere Website und auch bestimmte andere Websites besuchen.<\/p>\n<h2 id=\"what-type-of-cookies-do-we-use\">Welche Art von Cookies verwenden wir?<\/h2>\n<h3>Notwendige Kekse<\/h3>\n<p>Notwendige Cookies erm\u00f6glichen es uns, Ihnen das bestm\u00f6gliche Erlebnis beim Zugriff auf und Navigieren auf unserer Website und bei der Nutzung ihrer Funktionen zu bieten. Diese Cookies lassen uns beispielsweise erkennen, dass Sie ein Konto erstellt und sich in dieses Konto eingeloggt haben, um auf die Inhalte zuzugreifen.<\/p>\n<h3>Funktionalit\u00e4ts-Cookies<\/h3>\n<p>Funktionalit\u00e4ts-Cookies erm\u00f6glichen es uns, die Website und Dienste in \u00dcbereinstimmung mit den von Ihnen getroffenen Entscheidungen zu betreiben. Beispielsweise erkennen wir Ihren Benutzernamen und merken uns, wie Sie die Website und die Dienste bei zuk\u00fcnftigen Besuchen angepasst haben.<\/p>\n<h2 id=\"what-are-your-cookie-options\">Was sind Ihre Cookie-Optionen?<\/h2>\n<p>Wenn Ihnen die Idee von Cookies oder bestimmten Arten von Cookies nicht gef\u00e4llt, k\u00f6nnen Sie die Einstellungen Ihres Browsers \u00e4ndern, um bereits gesetzte Cookies zu l\u00f6schen und keine neuen Cookies zu akzeptieren. \n<\/p><h2 id=\"changes-and-amendments\">\u00c4nderungen und Erg\u00e4nzungen<\/h2>\n<p>Wir behalten uns das Recht vor, diese Richtlinie oder ihre Bedingungen in Bezug auf die Website und die Dienste jederzeit nach unserem Ermessen zu \u00e4ndern. Wenn wir dies tun, werden wir das aktualisierte Datum unten auf dieser Seite \u00fcberarbeiten und Ihnen eine E-Mail senden, um Sie zu benachrichtigen. Wir k\u00f6nnen Sie nach unserem Ermessen auch auf andere Weise benachrichtigen, z. B. \u00fcber die von Ihnen angegebenen Kontaktinformationen.<\/p>\n<p>Eine aktualisierte Version dieser Richtlinie tritt sofort nach Ver\u00f6ffentlichung der \u00fcberarbeiteten Richtlinie in Kraft, sofern nicht anders angegeben. Ihre fortgesetzte Nutzung der Website und der Dienste nach dem Datum des Inkrafttretens der \u00fcberarbeiteten Richtlinie (oder einer anderen zu diesem Zeitpunkt festgelegten Handlung) stellt Ihre Zustimmung zu diesen \u00c4nderungen dar.<\/p>\n<h2 id=\"acceptance-of-this-policy\">Annahme dieser Richtlinie<\/h2>\n<p>Sie best\u00e4tigen, dass Sie diese Richtlinie gelesen haben und mit allen ihren Bedingungen einverstanden sind. Durch den Zugriff auf und die Nutzung der Website und der Dienste stimmen Sie zu, an diese Richtlinie gebunden zu sein. Wenn Sie den Bedingungen dieser Richtlinie nicht zustimmen, sind Sie nicht berechtigt, auf die Website und die Dienste zuzugreifen oder diese zu nutzen. \n<\/p><h2 id=\"contacting-us\">Uns kontaktieren<\/h2>\n<p>Wenn Sie Fragen, Bedenken oder Beschwerden zu dieser Richtlinie oder der Verwendung von Cookies haben, empfehlen wir Ihnen, uns unter Verwendung der folgenden Angaben zu kontaktieren:<\/p>\n<p><a href=\"mailto:webmaster@tbet-play.com\">webmaster@tbet-play.com<\/a><\/p>\n<p>Dieses Dokument wurde zuletzt am 5. September 2022 aktualisiert<\/p>\n","protected":false},"excerpt":{"rendered":"<p>Diese Cookie-Richtlinie (\u201eRichtlinie\u201c) beschreibt, was Cookies sind und wie sie von der tbet-play.com- Website (\u201eWebsite\u201c oder \u201eDienst\u201c) und allen damit verbundenen Produkten und Diensten (zusammen \u201eDienste\u201c) verwendet werden \u201c). Diese Richtlinie ist eine rechtsverbindliche Vereinbarung zwischen Ihnen (\u201eBenutzer\u201c, \u201eSie\u201c oder \u201eIhr\u201c) und diesem Website-Betreiber (\u201eBetreiber\u201c, \u201ewir\u201c, \u201euns\u201c oder \u201eunser\u201c). Wenn Sie diese Vereinbarung im Namen [&hellip;]<\/p>\n","protected":false},"author":1,"featured_media":0,"parent":0,"menu_order":0,"comment_status":"closed","ping_status":"closed","template":"","meta":[],"_links":{"self":[{"href":"https:\/\/tbet-play.com\/de\/wp-json\/wp\/v2\/pages\/291"}],"collection":[{"href":"https:\/\/tbet-play.com\/de\/wp-json\/wp\/v2\/pages"}],"about":[{"href":"https:\/\/tbet-play.com\/de\/wp-json\/wp\/v2\/types\/page"}],"author":[{"embeddable":true,"href":"https:\/\/tbet-play.com\/de\/wp-json\/wp\/v2\/users\/1"}],"replies":[{"embeddable":true,"href":"https:\/\/tbet-play.com\/de\/wp-json\/wp\/v2\/comments?post=291"}],"version-history":[{"count":4,"href":"https:\/\/tbet-play.com\/de\/wp-json\/wp\/v2\/pages\/291\/revisions"}],"predecessor-version":[{"id":305,"href":"https:\/\/tbet-play.com\/de\/wp-json\/wp\/v2\/pages\/291\/revisions\/305"}],"wp:attachment":[{"href":"https:\/\/tbet-play.com\/de\/wp-json\/wp\/v2\/media?parent=291"}],"curies":[{"name":"wp","href":"https:\/\/api.w.org\/{rel}","templated":true}]}}